{"id":51,"date":"2024-12-15T00:59:38","date_gmt":"2024-12-14T23:59:38","guid":{"rendered":"https:\/\/motogymkhana.poznan.pl\/?page_id=51"},"modified":"2026-02-05T10:48:56","modified_gmt":"2026-02-05T09:48:56","slug":"kimjestesmy","status":"publish","type":"page","link":"https:\/\/motogymkhana.poznan.pl\/?page_id=51","title":{"rendered":"Uczymy I Trenujemy"},"content":{"rendered":"\t\t<div data-elementor-type=\"wp-page\" data-elementor-id=\"51\" class=\"elementor elementor-51\" data-elementor-post-type=\"page\">\n\t\t\t\t<div class=\"elementor-element elementor-element-ebf5b52 e-flex e-con-boxed e-con e-parent\" data-id=\"ebf5b52\" data-element_type=\"container\" data-e-type=\"container\">\n\t\t\t\t\t<div class=\"e-con-inner\">\n\t\t\t\t<div class=\"elementor-element elementor-element-2267f5a elementor-headline--style-highlight elementor-widget elementor-widget-animated-headline\" data-id=\"2267f5a\" data-element_type=\"widget\" data-e-type=\"widget\" data-settings=\"{&quot;highlighted_text&quot;:&quot;Super&quot;,&quot;headline_style&quot;:&quot;highlight&quot;,&quot;marker&quot;:&quot;circle&quot;,&quot;loop&quot;:&quot;yes&quot;,&quot;highlight_animation_duration&quot;:1200,&quot;highlight_iteration_delay&quot;:8000}\" data-widget_type=\"animated-headline.default\">\n\t\t\t\t<div class=\"elementor-widget-container\">\n\t\t\t\t\t\t\t<h1 class=\"elementor-headline\">\n\t\t\t\t\t<span class=\"elementor-headline-plain-text elementor-headline-text-wrapper\">Motogymkhana jest<\/span>\n\t\t\t\t<span class=\"elementor-headline-dynamic-wrapper elementor-headline-text-wrapper\">\n\t\t\t\t\t<span class=\"elementor-headline-dynamic-text elementor-headline-text-active\">Super<\/span>\n\t\t\t\t<\/span>\n\t\t\t\t\t<span class=\"elementor-headline-plain-text elementor-headline-text-wrapper\">!!!<\/span>\n\t\t\t\t\t<\/h1>\n\t\t\t\t\t\t<\/div>\n\t\t\t\t<\/div>\n\t\t\t\t<div class=\"elementor-element elementor-element-e96f97b elementor-widget elementor-widget-text-editor\" data-id=\"e96f97b\" data-element_type=\"widget\" data-e-type=\"widget\" data-settings=\"{&quot;motion_fx_motion_fx_scrolling&quot;:&quot;yes&quot;,&quot;motion_fx_devices&quot;:[&quot;desktop&quot;,&quot;tablet&quot;,&quot;mobile&quot;]}\" data-widget_type=\"text-editor.default\">\n\t\t\t\t<div class=\"elementor-widget-container\">\n\t\t\t\t\t\t\t\t\t<h4 data-start=\"161\" data-end=\"681\">Szko\u0142a motogymkhany w Poznaniu to co\u015b wi\u0119cej ni\u017c zwyk\u0142e treningi jazdy \u2013 to ekipa ludzi, kt\u00f3rych \u0142\u0105czy zajawka na precyzj\u0119, technik\u0119 i dobr\u0105 zabaw\u0119 na motocyklu. Regularne treningi w Dolsku (Mi\u0119dzych\u00f3d ODTJ) pozwalaj\u0105 szlifowa\u0107 umiej\u0119tno\u015bci w realnych warunkach i pod okiem do\u015bwiadczonych instruktor\u00f3w, a szkolenia motobandowe r\u00f3wnie\u017c prowadzone s\u0105 z instruktorami, pe\u0142ni\u0105c funkcj\u0119 doszkalaj\u0105c\u0105 i pozwalaj\u0105c rozwija\u0107 jazd\u0119 innym uczestnikom. W Dolsku mo\u017cna przyjecha\u0107 i od razu rozpocz\u0105\u0107 \u0107wiczenia, bez zb\u0119dnej zw\u0142oki.<\/h4><h4 data-start=\"683\" data-end=\"1018\">Poza oficjalnymi treningami dzieje si\u0119 te\u017c sporo \u201enieoficjalnie\u201d \u2013 wsp\u00f3lne ogniska, zimowe jazdy po lodzie czy spontaniczne spotkania sprawiaj\u0105, \u017ce to nie tylko sport, ale te\u017c zgrana spo\u0142eczno\u015b\u0107. Je\u015bli kto\u015b chce nauczy\u0107 si\u0119 panowa\u0107 nad motocyklem w ciasnych manewrach, a przy okazji pozna\u0107 \u015bwietnych ludzi, to lepiej trafi\u0107 nie m\u00f3g\u0142.<\/h4><h4 data-start=\"1020\" data-end=\"1193\">Serdecznie zapraszamy na treningi w Dolsku (Mi\u0119dzych\u00f3d ODTJ) \u2013 b\u0119dziecie mogli du\u017co si\u0119 nauczy\u0107, mi\u0119dzy innymi panowania nad motocyklem, a tak\u017ce pewno\u015bci siebie na drodze!<\/h4>\t\t\t\t\t\t\t\t<\/div>\n\t\t\t\t<\/div>\n\t\t\t\t<div class=\"elementor-element elementor-element-c0802d2 elementor-widget elementor-widget-text-editor\" data-id=\"c0802d2\" data-element_type=\"widget\" data-e-type=\"widget\" data-widget_type=\"text-editor.default\">\n\t\t\t\t<div class=\"elementor-widget-container\">\n\t\t\t\t\t\t\t\t\t<h3><a href=\"https:\/\/klient.akademiakierowcy-odtj.pl\" target=\"_blank\" rel=\"noopener\">kliknij tutaj\u00a0<\/a> \u00a0<\/h3><h4>i ogarnij sobie szkolenie motogymkhany w Dolsku, na bezpiecznym placu.<\/h4>\t\t\t\t\t\t\t\t<\/div>\n\t\t\t\t<\/div>\n\t\t\t\t<div class=\"elementor-element elementor-element-a90d51d elementor-widget elementor-widget-gallery\" data-id=\"a90d51d\" data-element_type=\"widget\" data-e-type=\"widget\" data-settings=\"{&quot;gallery_layout&quot;:&quot;justified&quot;,&quot;lazyload&quot;:&quot;yes&quot;,&quot;ideal_row_height&quot;:{&quot;unit&quot;:&quot;px&quot;,&quot;size&quot;:200,&quot;sizes&quot;:[]},&quot;ideal_row_height_tablet&quot;:{&quot;unit&quot;:&quot;px&quot;,&quot;size&quot;:150,&quot;sizes&quot;:[]},&quot;ideal_row_height_mobile&quot;:{&quot;unit&quot;:&quot;px&quot;,&quot;size&quot;:150,&quot;sizes&quot;:[]},&quot;gap&quot;:{&quot;unit&quot;:&quot;px&quot;,&quot;size&quot;:10,&quot;sizes&quot;:[]},&quot;gap_tablet&quot;:{&quot;unit&quot;:&quot;px&quot;,&quot;size&quot;:10,&quot;sizes&quot;:[]},&quot;gap_mobile&quot;:{&quot;unit&quot;:&quot;px&quot;,&quot;size&quot;:10,&quot;sizes&quot;:[]},&quot;link_to&quot;:&quot;file&quot;,&quot;overlay_background&quot;:&quot;yes&quot;,&quot;content_hover_animation&quot;:&quot;fade-in&quot;}\" data-widget_type=\"gallery.default\">\n\t\t\t\t<div class=\"elementor-widget-container\">\n\t\t\t\t\t\t\t<div class=\"elementor-gallery__container\">\n\t\t\t\t\t\t\t<a class=\"e-gallery-item elementor-gallery-item elementor-animated-content\" href=\"https:\/\/motogymkhana.poznan.pl\/wp-content\/uploads\/2026\/02\/motobanda-torun-foto-523-scaled.jpg\" data-elementor-open-lightbox=\"yes\" data-elementor-lightbox-slideshow=\"a90d51d\" data-elementor-lightbox-title=\"motobanda torun foto (523)\" data-e-action-hash=\"#elementor-action%3Aaction%3Dlightbox%26settings%3DeyJpZCI6NDQ1LCJ1cmwiOiJodHRwczpcL1wvbW90b2d5bWtoYW5hLnBvem5hbi5wbFwvd3AtY29udGVudFwvdXBsb2Fkc1wvMjAyNlwvMDJcL21vdG9iYW5kYS10b3J1bi1mb3RvLTUyMy1zY2FsZWQuanBnIiwic2xpZGVzaG93IjoiYTkwZDUxZCJ9\">\n\t\t\t\t\t<div class=\"e-gallery-image elementor-gallery-item__image\" data-thumbnail=\"https:\/\/motogymkhana.poznan.pl\/wp-content\/uploads\/2026\/02\/motobanda-torun-foto-523-1024x683.jpg\" data-width=\"800\" data-height=\"534\" aria-label=\"\" role=\"img\" ><\/div>\n\t\t\t\t\t\t\t\t\t\t\t<div class=\"elementor-gallery-item__overlay\"><\/div>\n\t\t\t\t\t\t\t\t\t\t\t\t\t\t<\/a>\n\t\t\t\t\t\t\t<a class=\"e-gallery-item elementor-gallery-item elementor-animated-content\" href=\"https:\/\/motogymkhana.poznan.pl\/wp-content\/uploads\/2026\/02\/motobanda-torun-foto-405-scaled.jpg\" data-elementor-open-lightbox=\"yes\" data-elementor-lightbox-slideshow=\"a90d51d\" data-elementor-lightbox-title=\"motobanda torun foto (405)\" data-e-action-hash=\"#elementor-action%3Aaction%3Dlightbox%26settings%3DeyJpZCI6NDQ2LCJ1cmwiOiJodHRwczpcL1wvbW90b2d5bWtoYW5hLnBvem5hbi5wbFwvd3AtY29udGVudFwvdXBsb2Fkc1wvMjAyNlwvMDJcL21vdG9iYW5kYS10b3J1bi1mb3RvLTQwNS1zY2FsZWQuanBnIiwic2xpZGVzaG93IjoiYTkwZDUxZCJ9\">\n\t\t\t\t\t<div class=\"e-gallery-image elementor-gallery-item__image\" data-thumbnail=\"https:\/\/motogymkhana.poznan.pl\/wp-content\/uploads\/2026\/02\/motobanda-torun-foto-405-1024x683.jpg\" data-width=\"800\" data-height=\"534\" aria-label=\"\" role=\"img\" ><\/div>\n\t\t\t\t\t\t\t\t\t\t\t<div class=\"elementor-gallery-item__overlay\"><\/div>\n\t\t\t\t\t\t\t\t\t\t\t\t\t\t<\/a>\n\t\t\t\t\t\t\t<a class=\"e-gallery-item elementor-gallery-item elementor-animated-content\" href=\"https:\/\/motogymkhana.poznan.pl\/wp-content\/uploads\/2026\/02\/motobanda-torun-foto-513-scaled.jpg\" data-elementor-open-lightbox=\"yes\" data-elementor-lightbox-slideshow=\"a90d51d\" data-elementor-lightbox-title=\"motobanda torun foto (513)\" data-e-action-hash=\"#elementor-action%3Aaction%3Dlightbox%26settings%3DeyJpZCI6NDQ3LCJ1cmwiOiJodHRwczpcL1wvbW90b2d5bWtoYW5hLnBvem5hbi5wbFwvd3AtY29udGVudFwvdXBsb2Fkc1wvMjAyNlwvMDJcL21vdG9iYW5kYS10b3J1bi1mb3RvLTUxMy1zY2FsZWQuanBnIiwic2xpZGVzaG93IjoiYTkwZDUxZCJ9\">\n\t\t\t\t\t<div class=\"e-gallery-image elementor-gallery-item__image\" data-thumbnail=\"https:\/\/motogymkhana.poznan.pl\/wp-content\/uploads\/2026\/02\/motobanda-torun-foto-513-1024x683.jpg\" data-width=\"800\" data-height=\"534\" aria-label=\"\" role=\"img\" ><\/div>\n\t\t\t\t\t\t\t\t\t\t\t<div class=\"elementor-gallery-item__overlay\"><\/div>\n\t\t\t\t\t\t\t\t\t\t\t\t\t\t<\/a>\n\t\t\t\t\t\t\t<a class=\"e-gallery-item elementor-gallery-item elementor-animated-content\" href=\"https:\/\/motogymkhana.poznan.pl\/wp-content\/uploads\/2026\/02\/motobanda-torun-foto-944-scaled.jpg\" data-elementor-open-lightbox=\"yes\" data-elementor-lightbox-slideshow=\"a90d51d\" data-elementor-lightbox-title=\"motobanda torun foto (944)\" data-e-action-hash=\"#elementor-action%3Aaction%3Dlightbox%26settings%3DeyJpZCI6NDQ4LCJ1cmwiOiJodHRwczpcL1wvbW90b2d5bWtoYW5hLnBvem5hbi5wbFwvd3AtY29udGVudFwvdXBsb2Fkc1wvMjAyNlwvMDJcL21vdG9iYW5kYS10b3J1bi1mb3RvLTk0NC1zY2FsZWQuanBnIiwic2xpZGVzaG93IjoiYTkwZDUxZCJ9\">\n\t\t\t\t\t<div class=\"e-gallery-image elementor-gallery-item__image\" data-thumbnail=\"https:\/\/motogymkhana.poznan.pl\/wp-content\/uploads\/2026\/02\/motobanda-torun-foto-944-1024x683.jpg\" data-width=\"800\" data-height=\"534\" aria-label=\"\" role=\"img\" ><\/div>\n\t\t\t\t\t\t\t\t\t\t\t<div class=\"elementor-gallery-item__overlay\"><\/div>\n\t\t\t\t\t\t\t\t\t\t\t\t\t\t<\/a>\n\t\t\t\t\t\t\t<a class=\"e-gallery-item elementor-gallery-item elementor-animated-content\" href=\"https:\/\/motogymkhana.poznan.pl\/wp-content\/uploads\/2026\/02\/dolsk2.jpeg\" data-elementor-open-lightbox=\"yes\" data-elementor-lightbox-slideshow=\"a90d51d\" data-elementor-lightbox-title=\"dolsk2\" data-e-action-hash=\"#elementor-action%3Aaction%3Dlightbox%26settings%3DeyJpZCI6NDQ5LCJ1cmwiOiJodHRwczpcL1wvbW90b2d5bWtoYW5hLnBvem5hbi5wbFwvd3AtY29udGVudFwvdXBsb2Fkc1wvMjAyNlwvMDJcL2RvbHNrMi5qcGVnIiwic2xpZGVzaG93IjoiYTkwZDUxZCJ9\">\n\t\t\t\t\t<div class=\"e-gallery-image elementor-gallery-item__image\" data-thumbnail=\"https:\/\/motogymkhana.poznan.pl\/wp-content\/uploads\/2026\/02\/dolsk2-1024x461.jpeg\" data-width=\"800\" data-height=\"360\" aria-label=\"\" role=\"img\" ><\/div>\n\t\t\t\t\t\t\t\t\t\t\t<div class=\"elementor-gallery-item__overlay\"><\/div>\n\t\t\t\t\t\t\t\t\t\t\t\t\t\t<\/a>\n\t\t\t\t\t\t\t<a class=\"e-gallery-item elementor-gallery-item elementor-animated-content\" href=\"https:\/\/motogymkhana.poznan.pl\/wp-content\/uploads\/2026\/02\/dolsk1.jpeg\" data-elementor-open-lightbox=\"yes\" data-elementor-lightbox-slideshow=\"a90d51d\" data-elementor-lightbox-title=\"dolsk1\" data-e-action-hash=\"#elementor-action%3Aaction%3Dlightbox%26settings%3DeyJpZCI6NDUwLCJ1cmwiOiJodHRwczpcL1wvbW90b2d5bWtoYW5hLnBvem5hbi5wbFwvd3AtY29udGVudFwvdXBsb2Fkc1wvMjAyNlwvMDJcL2RvbHNrMS5qcGVnIiwic2xpZGVzaG93IjoiYTkwZDUxZCJ9\">\n\t\t\t\t\t<div class=\"e-gallery-image elementor-gallery-item__image\" data-thumbnail=\"https:\/\/motogymkhana.poznan.pl\/wp-content\/uploads\/2026\/02\/dolsk1-1024x461.jpeg\" data-width=\"800\" data-height=\"360\" aria-label=\"\" role=\"img\" ><\/div>\n\t\t\t\t\t\t\t\t\t\t\t<div class=\"elementor-gallery-item__overlay\"><\/div>\n\t\t\t\t\t\t\t\t\t\t\t\t\t\t<\/a>\n\t\t\t\t\t<\/div>\n\t\t\t\t\t<\/div>\n\t\t\t\t<\/div>\n\t\t\t\t\t<\/div>\n\t\t\t\t<\/div>\n\t\t<div class=\"elementor-element elementor-element-3dcb001 e-flex e-con-boxed e-con e-parent\" data-id=\"3dcb001\" data-element_type=\"container\" data-e-type=\"container\">\n\t\t\t\t\t<div class=\"e-con-inner\">\n\t\t\t\t<div class=\"elementor-element elementor-element-a106c3c elementor-widget elementor-widget-video\" data-id=\"a106c3c\" data-element_type=\"widget\" data-e-type=\"widget\" data-settings=\"{&quot;video_type&quot;:&quot;hosted&quot;,&quot;autoplay&quot;:&quot;yes&quot;,&quot;controls&quot;:&quot;yes&quot;}\" data-widget_type=\"video.default\">\n\t\t\t\t<div class=\"elementor-widget-container\">\n\t\t\t\t\t\t\t<div class=\"e-hosted-video elementor-wrapper elementor-open-inline\">\n\t\t\t\t\t<video class=\"elementor-video\" src=\"https:\/\/motogymkhana.poznan.pl\/wp-content\/uploads\/2026\/02\/przebitka1.mp4\" autoplay=\"\" controls=\"\" controlsList=\"nodownload\"><\/video>\n\t\t\t\t<\/div>\n\t\t\t\t\t\t<\/div>\n\t\t\t\t<\/div>\n\t\t\t\t<div class=\"elementor-element elementor-element-399ad09 elementor-widget elementor-widget-video\" data-id=\"399ad09\" data-element_type=\"widget\" data-e-type=\"widget\" data-settings=\"{&quot;video_type&quot;:&quot;hosted&quot;,&quot;autoplay&quot;:&quot;yes&quot;,&quot;controls&quot;:&quot;yes&quot;}\" data-widget_type=\"video.default\">\n\t\t\t\t<div class=\"elementor-widget-container\">\n\t\t\t\t\t\t\t<div class=\"e-hosted-video elementor-wrapper elementor-open-inline\">\n\t\t\t\t\t<video class=\"elementor-video\" src=\"https:\/\/motogymkhana.poznan.pl\/wp-content\/uploads\/2026\/02\/Slalom-1.mp4\" autoplay=\"\" controls=\"\" controlsList=\"nodownload\"><\/video>\n\t\t\t\t<\/div>\n\t\t\t\t\t\t<\/div>\n\t\t\t\t<\/div>\n\t\t\t\t\t<\/div>\n\t\t\t\t<\/div>\n\t\t\t\t<\/div>\n\t\t","protected":false},"excerpt":{"rendered":"<p>Motogymkhana jest Super !!! Szko\u0142a motogymkhany w Poznaniu to co\u015b wi\u0119cej ni\u017c zwyk\u0142e treningi jazdy \u2013 to ekipa ludzi, kt\u00f3rych \u0142\u0105czy zajawka na precyzj\u0119, technik\u0119 i dobr\u0105 zabaw\u0119 na motocyklu. Regularne treningi w Dolsku (Mi\u0119dzych\u00f3d ODTJ) pozwalaj\u0105 szlifowa\u0107 umiej\u0119tno\u015bci w realnych warunkach i pod okiem do\u015bwiadczonych instruktor\u00f3w, a szkolenia motobandowe r\u00f3wnie\u017c prowadzone s\u0105 z instruktorami, [&hellip;]<\/p>\n","protected":false},"author":1,"featured_media":0,"parent":76,"menu_order":2,"comment_status":"closed","ping_status":"closed","template":"","meta":{"footnotes":""},"class_list":["post-51","page","type-page","status-publish","hentry"],"_links":{"self":[{"href":"https:\/\/motogymkhana.poznan.pl\/index.php?rest_route=\/wp\/v2\/pages\/51","targetHints":{"allow":["GET"]}}],"collection":[{"href":"https:\/\/motogymkhana.poznan.pl\/index.php?rest_route=\/wp\/v2\/pages"}],"about":[{"href":"https:\/\/motogymkhana.poznan.pl\/index.php?rest_route=\/wp\/v2\/types\/page"}],"author":[{"embeddable":true,"href":"https:\/\/motogymkhana.poznan.pl\/index.php?rest_route=\/wp\/v2\/users\/1"}],"replies":[{"embeddable":true,"href":"https:\/\/motogymkhana.poznan.pl\/index.php?rest_route=%2Fwp%2Fv2%2Fcomments&post=51"}],"version-history":[{"count":73,"href":"https:\/\/motogymkhana.poznan.pl\/index.php?rest_route=\/wp\/v2\/pages\/51\/revisions"}],"predecessor-version":[{"id":468,"href":"https:\/\/motogymkhana.poznan.pl\/index.php?rest_route=\/wp\/v2\/pages\/51\/revisions\/468"}],"up":[{"embeddable":true,"href":"https:\/\/motogymkhana.poznan.pl\/index.php?rest_route=\/wp\/v2\/pages\/76"}],"wp:attachment":[{"href":"https:\/\/motogymkhana.poznan.pl\/index.php?rest_route=%2Fwp%2Fv2%2Fmedia&parent=51"}],"curies":[{"name":"wp","href":"https:\/\/api.w.org\/{rel}","templated":true}]}}